{"id":4538,"date":"2024-11-08T16:16:52","date_gmt":"2024-11-08T14:16:52","guid":{"rendered":"https:\/\/kingdommilitaryacademy.com\/we-raise-new-leaders\/"},"modified":"2025-07-22T18:51:17","modified_gmt":"2025-07-22T16:51:17","slug":"we-raise-new-leaders","status":"publish","type":"page","link":"https:\/\/kingdommilitaryacademy.com\/de\/","title":{"rendered":"We raise new leaders"},"content":{"rendered":"\t\t<div data-elementor-type=\"wp-page\" data-elementor-id=\"4538\" class=\"elementor elementor-4538 elementor-2882\" data-elementor-settings=\"{&quot;element_pack_global_tooltip_width&quot;:{&quot;unit&quot;:&quot;px&quot;,&quot;size&quot;:&quot;&quot;,&quot;sizes&quot;:[]},&quot;element_pack_global_tooltip_width_tablet&quot;:{&quot;unit&quot;:&quot;px&quot;,&quot;size&quot;:&quot;&quot;,&quot;sizes&quot;:[]},&quot;element_pack_global_tooltip_width_mobile&quot;:{&quot;unit&quot;:&quot;px&quot;,&quot;size&quot;:&quot;&quot;,&quot;sizes&quot;:[]},&quot;element_pack_global_tooltip_padding&quot;:{&quot;unit&quot;:&quot;px&quot;,&quot;top&quot;:&quot;&quot;,&quot;right&quot;:&quot;&quot;,&quot;bottom&quot;:&quot;&quot;,&quot;left&quot;:&quot;&quot;,&quot;isLinked&quot;:true},&quot;element_pack_global_tooltip_padding_tablet&quot;:{&quot;unit&quot;:&quot;px&quot;,&quot;top&quot;:&quot;&quot;,&quot;right&quot;:&quot;&quot;,&quot;bottom&quot;:&quot;&quot;,&quot;left&quot;:&quot;&quot;,&quot;isLinked&quot;:true},&quot;element_pack_global_tooltip_padding_mobile&quot;:{&quot;unit&quot;:&quot;px&quot;,&quot;top&quot;:&quot;&quot;,&quot;right&quot;:&quot;&quot;,&quot;bottom&quot;:&quot;&quot;,&quot;left&quot;:&quot;&quot;,&quot;isLinked&quot;:true},&quot;element_pack_global_tooltip_border_radius&quot;:{&quot;unit&quot;:&quot;px&quot;,&quot;top&quot;:&quot;&quot;,&quot;right&quot;:&quot;&quot;,&quot;bottom&quot;:&quot;&quot;,&quot;left&quot;:&quot;&quot;,&quot;isLinked&quot;:true},&quot;element_pack_global_tooltip_border_radius_tablet&quot;:{&quot;unit&quot;:&quot;px&quot;,&quot;top&quot;:&quot;&quot;,&quot;right&quot;:&quot;&quot;,&quot;bottom&quot;:&quot;&quot;,&quot;left&quot;:&quot;&quot;,&quot;isLinked&quot;:true},&quot;element_pack_global_tooltip_border_radius_mobile&quot;:{&quot;unit&quot;:&quot;px&quot;,&quot;top&quot;:&quot;&quot;,&quot;right&quot;:&quot;&quot;,&quot;bottom&quot;:&quot;&quot;,&quot;left&quot;:&quot;&quot;,&quot;isLinked&quot;:true}}\" data-elementor-post-type=\"page\">\n\t\t\t\t<div class=\"elementor-element elementor-element-496a3fe3 e-flex e-con-boxed e-con e-parent\" data-id=\"496a3fe3\" data-element_type=\"container\" data-e-type=\"container\" data-settings=\"{&quot;background_background&quot;:&quot;classic&quot;}\">\n\t\t\t\t\t<div class=\"e-con-inner\">\n\t\t\t\t<div class=\"elementor-element elementor-element-61a93e5  ui-split-animate ui-splitby-chars elementor-widget elementor-widget-heading\" data-id=\"61a93e5\" data-element_type=\"widget\" data-e-type=\"widget\" data-settings=\"{&quot;ui_animate_split&quot;:&quot;ui-split-animate&quot;,&quot;ui_animate_split_style&quot;:&quot;fadeInUp blur&quot;,&quot;ui_animate_split_by&quot;:&quot;chars&quot;}\" data-widget_type=\"heading.default\">\n\t\t\t\t<div class=\"elementor-widget-container\">\n\t\t\t\t\t<h2 class=\"elementor-heading-title elementor-size-default\">We raise new leaders<\/h2>\t\t\t\t<\/div>\n\t\t\t\t<\/div>\n\t\t\t\t\t<\/div>\n\t\t\t\t<\/div>\n\t\t<div class=\"elementor-element elementor-element-6338f1ea e-flex e-con-boxed e-con e-parent\" data-id=\"6338f1ea\" data-element_type=\"container\" data-e-type=\"container\" data-settings=\"{&quot;background_background&quot;:&quot;classic&quot;}\">\n\t\t\t\t\t<div class=\"e-con-inner\">\n\t\t<div class=\"elementor-element elementor-element-5532d55a e-con-full e-grid e-con e-child\" data-id=\"5532d55a\" data-element_type=\"container\" data-e-type=\"container\" data-settings=\"{&quot;background_background&quot;:&quot;classic&quot;}\">\n\t\t\t\t<div class=\"elementor-element elementor-element-4403965 elementor-widget elementor-widget-video\" data-id=\"4403965\" data-element_type=\"widget\" data-e-type=\"widget\" data-settings=\"{&quot;video_type&quot;:&quot;hosted&quot;,&quot;controls&quot;:&quot;yes&quot;}\" data-widget_type=\"video.default\">\n\t\t\t\t<div class=\"elementor-widget-container\">\n\t\t\t\t\t\t\t<div class=\"e-hosted-video elementor-wrapper elementor-open-inline\">\n\t\t\t\t\t<video class=\"elementor-video\" src=\"https:\/\/kingdommilitaryacademy.com\/wp-content\/uploads\/2025\/07\/F0FB2406-A39A-436C-9864-3244EA147F4C.mov\" controls=\"\" preload=\"metadata\" controlsList=\"nodownload\" poster=\"https:\/\/kingdommilitaryacademy.com\/wp-content\/uploads\/2025\/02\/military-team-work-hands-huddle-mission-strategy-motivation-paintball-battlefield-goals-collaboration-army-people-with-support-partnership-group-ready-soldiers-scaled.jpg\"><\/video>\n\t\t\t\t<\/div>\n\t\t\t\t\t\t<\/div>\n\t\t\t\t<\/div>\n\t\t\t\t<div class=\"elementor-element elementor-element-897376c elementor-widget elementor-widget-text-editor\" data-id=\"897376c\" data-element_type=\"widget\" data-e-type=\"widget\" data-widget_type=\"text-editor.default\">\n\t\t\t\t<div class=\"elementor-widget-container\">\n\t\t\t\t\t\t\t\t\t<p class=\"p1\" style=\"text-align: left;\"><span style=\"color: #ffffff;\">Die KMA (Kingdom Military Academy) ist eine Leiterschaftsschule und bildet junge Leitern aus, die sich danach sehnen, im Reich Gottes zu dienen. Es handelt sich um eine lebensver\u00e4ndernde Vollzeitausbildung mit dreimonatigem milit\u00e4rischem Unterricht.  <\/span><span style=\"color: #ffffff;\">Dieses (internationale) Ausbildungsprogramm bietet ein umfassendes Training mit zehn Wochen Unterricht und zwei Wochen Einsatz.<\/span><\/p>\t\t\t\t\t\t\t\t<\/div>\n\t\t\t\t<\/div>\n\t\t\t\t<\/div>\n\t\t\t\t\t<\/div>\n\t\t\t\t<\/div>\n\t\t<div class=\"elementor-element elementor-element-16499e9f e-con-full e-flex e-con e-parent\" data-id=\"16499e9f\" data-element_type=\"container\" data-e-type=\"container\" data-settings=\"{&quot;background_background&quot;:&quot;classic&quot;}\">\n\t\t\t\t<div class=\"elementor-element elementor-element-3a683e21 elementor-widget elementor-widget-heading\" data-id=\"3a683e21\" data-element_type=\"widget\" data-e-type=\"widget\" data-widget_type=\"heading.default\">\n\t\t\t\t<div class=\"elementor-widget-container\">\n\t\t\t\t\t<h2 class=\"elementor-heading-title elementor-size-default\">KINGDOM MILITARY ACADEMY <\/h2>\t\t\t\t<\/div>\n\t\t\t\t<\/div>\n\t\t\t\t<div class=\"elementor-element elementor-element-9ec249 ui-e-match-height-yes ui-e-animation-circular ui-e-apg-classic ui-e-img-anim-zoom elementor-widget elementor-widget-uicore-advanced-post-carousel\" data-id=\"9ec249\" data-element_type=\"widget\" data-e-type=\"widget\" data-settings=\"{&quot;slides_per_view&quot;:&quot;4&quot;,&quot;carousel_gap&quot;:{&quot;unit&quot;:&quot;px&quot;,&quot;size&quot;:25,&quot;sizes&quot;:[]},&quot;show_hidden&quot;:&quot;right&quot;,&quot;navigation&quot;:&quot;arrows&quot;,&quot;carousel_gap_tablet&quot;:{&quot;unit&quot;:&quot;px&quot;,&quot;size&quot;:&quot;&quot;,&quot;sizes&quot;:[]},&quot;carousel_gap_mobile&quot;:{&quot;unit&quot;:&quot;px&quot;,&quot;size&quot;:&quot;&quot;,&quot;sizes&quot;:[]},&quot;animation_style&quot;:&quot;circular&quot;,&quot;slides_per_view_tablet&quot;:2,&quot;slides_per_view_mobile&quot;:1,&quot;grab_cursor&quot;:&quot;yes&quot;,&quot;loop&quot;:&quot;true&quot;,&quot;overflow_container&quot;:&quot;container&quot;}\" data-widget_type=\"uicore-advanced-post-carousel.default\">\n\t\t\t\t<div class=\"elementor-widget-container\">\n\t\t\t\t\t            <div class=\"ui-e-carousel swiper\">\n                <div class='swiper-wrapper'>\n                                <div class=\"ui-e-wrp swiper-slide\">\n                                    <div class=\"ui-e-animations-wrp  ui-e-item-anim-fade\">\n                    \n                \n                <div class=\"ui-e-item\">\n                    <article class=\"post-6136 post type-post status-publish format-standard has-post-thumbnail hentry category-kma-de-2\">\n                        <div class=\"ui-e-post-top\">\n                                    <a class=\"ui-e-post-img-wrapp\"\n            href=\"https:\/\/kingdommilitaryacademy.com\/de\/informationen\/\"\n            title=\"View Post:Praktische Informationen\">\n\n                            <div class=\"ui-e-post-img\" style=\"background-image:url(https:\/\/kingdommilitaryacademy.com\/wp-content\/uploads\/2025\/02\/shallow-focus-young-soldier-praying-while-kneeling-dry-grass-650x432.jpg)\"><\/div>\n                    <\/a>\n                                                        <\/div>\n\n                        \n                        <div class=\"ui-e-post-content\">\n\n                                                                <a href=\"https:\/\/kingdommilitaryacademy.com\/de\/informationen\/\" title=\"View Post:Praktische Informationen\">\n            <h4 class=\"ui-e-post-title\">\n                <span> Praktische Informationen <\/span>\n            <\/h4>\n        <\/a>\n                                                            <div class=\"ui-e-post-text\">Die Unterrichtsphase betr\u00e4gt 3 Monate mit 10 Unterrichtswochen und 2 Wochen physischem Charaktertraining. Die KMA beginnt mit einer Einf\u00fchrungswoche an&hellip;<\/div>                                                                                            <span class=\"ui-e-match-height\"><\/span>\n                                    <a href=\"https:\/\/kingdommilitaryacademy.com\/de\/informationen\/\" class=\"elementor-button-link elementor-button ui-e-readmore\" role=\"button\">\n            <span class=\"elementor-button-content-wrapper\"><span class=\"elementor-button-text\">Mehr Informationen<\/span> <\/span>        <\/a>\n                                <\/div>\n                    <\/article>\n                <\/div>\n\n                                    <\/div>\n                                <\/div>\n        \n            <div class=\"ui-e-wrp swiper-slide\">\n                                    <div class=\"ui-e-animations-wrp  ui-e-item-anim-fade\">\n                    \n                \n                <div class=\"ui-e-item\">\n                    <article class=\"post-4543 post type-post status-publish format-standard has-post-thumbnail hentry category-kma-de-2\">\n                        <div class=\"ui-e-post-top\">\n                                    <a class=\"ui-e-post-img-wrapp\"\n            href=\"https:\/\/kingdommilitaryacademy.com\/de\/das-programm\/\"\n            title=\"View Post:Das Programm\">\n\n                            <div class=\"ui-e-post-img\" style=\"background-image:url(https:\/\/kingdommilitaryacademy.com\/wp-content\/uploads\/2024\/01\/young-soldier-affected-by-ptsd-effect-scaled.jpg)\"><\/div>\n                    <\/a>\n                                                        <\/div>\n\n                        \n                        <div class=\"ui-e-post-content\">\n\n                                                                <a href=\"https:\/\/kingdommilitaryacademy.com\/de\/das-programm\/\" title=\"View Post:Das Programm\">\n            <h4 class=\"ui-e-post-title\">\n                <span> Das Programm <\/span>\n            <\/h4>\n        <\/a>\n                                                            <div class=\"ui-e-post-text\">Das Programm dauert drei Monate, bei einem Praktikum sechs Monate. Die Unterrichtsphase dauert drei Monate, davon zehn Wochen Unterricht und&hellip;<\/div>                                                                                            <span class=\"ui-e-match-height\"><\/span>\n                                    <a href=\"https:\/\/kingdommilitaryacademy.com\/de\/das-programm\/\" class=\"elementor-button-link elementor-button ui-e-readmore\" role=\"button\">\n            <span class=\"elementor-button-content-wrapper\"><span class=\"elementor-button-text\">Mehr Informationen<\/span> <\/span>        <\/a>\n                                <\/div>\n                    <\/article>\n                <\/div>\n\n                                    <\/div>\n                                <\/div>\n        \n            <div class=\"ui-e-wrp swiper-slide\">\n                                    <div class=\"ui-e-animations-wrp  ui-e-item-anim-fade\">\n                    \n                \n                <div class=\"ui-e-item\">\n                    <article class=\"post-4551 post type-post status-publish format-standard has-post-thumbnail hentry category-kma-de-2\">\n                        <div class=\"ui-e-post-top\">\n                                    <a class=\"ui-e-post-img-wrapp\"\n            href=\"https:\/\/kingdommilitaryacademy.com\/de\/die-community\/\"\n            title=\"View Post:Die Community\">\n\n                            <div class=\"ui-e-post-img\" style=\"background-image:url(https:\/\/kingdommilitaryacademy.com\/wp-content\/uploads\/2024\/11\/young-adults-military-uniform-standing-outdoors-generated-by-ai-650x371.jpg)\"><\/div>\n                    <\/a>\n                                                        <\/div>\n\n                        \n                        <div class=\"ui-e-post-content\">\n\n                                                                <a href=\"https:\/\/kingdommilitaryacademy.com\/de\/die-community\/\" title=\"View Post:Die Community\">\n            <h4 class=\"ui-e-post-title\">\n                <span> Die Community <\/span>\n            <\/h4>\n        <\/a>\n                                                            <div class=\"ui-e-post-text\">Wir leben im Schulgeb\u00e4ude als Gemeinschaft aus Mitarbeitern, Studenten, Freiwilligen und Gastdozenten. Die Studenten interagieren vor allem untereinander und mit&hellip;<\/div>                                                                                            <span class=\"ui-e-match-height\"><\/span>\n                                    <a href=\"https:\/\/kingdommilitaryacademy.com\/de\/die-community\/\" class=\"elementor-button-link elementor-button ui-e-readmore\" role=\"button\">\n            <span class=\"elementor-button-content-wrapper\"><span class=\"elementor-button-text\">Mehr Informationen<\/span> <\/span>        <\/a>\n                                <\/div>\n                    <\/article>\n                <\/div>\n\n                                    <\/div>\n                                <\/div>\n        \n            <div class=\"ui-e-wrp swiper-slide\">\n                                    <div class=\"ui-e-animations-wrp  ui-e-item-anim-fade\">\n                    \n                \n                <div class=\"ui-e-item\">\n                    <article class=\"post-4553 post type-post status-publish format-standard has-post-thumbnail hentry category-kma-de-2\">\n                        <div class=\"ui-e-post-top\">\n                                    <a class=\"ui-e-post-img-wrapp\"\n            href=\"https:\/\/kingdommilitaryacademy.com\/de\/lehrer-und-faecher\/\"\n            title=\"View Post:Anmeldung &amp; Kosten\">\n\n                            <div class=\"ui-e-post-img\" style=\"background-image:url(https:\/\/kingdommilitaryacademy.com\/wp-content\/uploads\/2024\/11\/selective-focus-shot-american-soldier-holding-holy-bible-close-camera-650x432.jpg)\"><\/div>\n                    <\/a>\n                                                        <\/div>\n\n                        \n                        <div class=\"ui-e-post-content\">\n\n                                                                <a href=\"https:\/\/kingdommilitaryacademy.com\/de\/lehrer-und-faecher\/\" title=\"View Post:Anmeldung &amp; Kosten\">\n            <h4 class=\"ui-e-post-title\">\n                <span> Anmeldung &amp; Kosten <\/span>\n            <\/h4>\n        <\/a>\n                                                            <div class=\"ui-e-post-text\">Die Kingdom Military Academy ist ein Training f\u00fcr die n\u00e4chste Generation von (kirchlichen) F\u00fchrungskr\u00e4ften. Weil wir nicht wollen, dass die&hellip;<\/div>                                                                                            <span class=\"ui-e-match-height\"><\/span>\n                                    <a href=\"https:\/\/kingdommilitaryacademy.com\/de\/lehrer-und-faecher\/\" class=\"elementor-button-link elementor-button ui-e-readmore\" role=\"button\">\n            <span class=\"elementor-button-content-wrapper\"><span class=\"elementor-button-text\">Mehr Informationen<\/span> <\/span>        <\/a>\n                                <\/div>\n                    <\/article>\n                <\/div>\n\n                                    <\/div>\n                                <\/div>\n        \n            <div class=\"ui-e-wrp swiper-slide\">\n                                    <div class=\"ui-e-animations-wrp  ui-e-item-anim-fade\">\n                    \n                \n                <div class=\"ui-e-item\">\n                    <article class=\"post-4559 post type-post status-publish format-standard has-post-thumbnail hentry category-kma-de-2\">\n                        <div class=\"ui-e-post-top\">\n                                    <a class=\"ui-e-post-img-wrapp\"\n            href=\"https:\/\/kingdommilitaryacademy.com\/de\/anmeldung-und-kosten\/\"\n            title=\"View Post:Lehrer und F\u00e4cher\">\n\n                            <div class=\"ui-e-post-img\" style=\"background-image:url(https:\/\/kingdommilitaryacademy.com\/wp-content\/uploads\/2025\/02\/military-team-work-hands-huddle-mission-strategy-motivation-paintball-battlefield-goals-collaboration-army-people-with-support-partnership-group-ready-soldiers-650x434.jpg)\"><\/div>\n                    <\/a>\n                                                        <\/div>\n\n                        \n                        <div class=\"ui-e-post-content\">\n\n                                                                <a href=\"https:\/\/kingdommilitaryacademy.com\/de\/anmeldung-und-kosten\/\" title=\"View Post:Lehrer und F\u00e4cher\">\n            <h4 class=\"ui-e-post-title\">\n                <span> Lehrer und F\u00e4cher <\/span>\n            <\/h4>\n        <\/a>\n                                                            <div class=\"ui-e-post-text\">Der Lehrplan ist in 3 Module unterteilt. Diese bestehen aus: Biblische Grundlagen, Kirche &amp; Dienst und F\u00fchrung &amp; Charakterbildung.<\/div>                                                                                            <span class=\"ui-e-match-height\"><\/span>\n                                    <a href=\"https:\/\/kingdommilitaryacademy.com\/de\/anmeldung-und-kosten\/\" class=\"elementor-button-link elementor-button ui-e-readmore\" role=\"button\">\n            <span class=\"elementor-button-content-wrapper\"><span class=\"elementor-button-text\">Mehr Informationen<\/span> <\/span>        <\/a>\n                                <\/div>\n                    <\/article>\n                <\/div>\n\n                                    <\/div>\n                                <\/div>\n        \n                <\/div>\n            <\/div>\n            \t\t\t\t<\/div>\n\t\t\t\t<\/div>\n\t\t\t\t<\/div>\n\t\t<div class=\"elementor-element elementor-element-78ca364 e-flex e-con-boxed e-con e-parent\" data-id=\"78ca364\" data-element_type=\"container\" data-e-type=\"container\">\n\t\t\t\t\t<div class=\"e-con-inner\">\n\t\t\t\t<div class=\"elementor-element elementor-element-580af99 elementor-widget elementor-widget-video\" data-id=\"580af99\" data-element_type=\"widget\" data-e-type=\"widget\" data-settings=\"{&quot;youtube_url&quot;:&quot;https:\\\/\\\/www.youtube.com\\\/shorts\\\/3Y2XZbOhrgo&quot;,&quot;video_type&quot;:&quot;youtube&quot;,&quot;controls&quot;:&quot;yes&quot;}\" data-widget_type=\"video.default\">\n\t\t\t\t<div class=\"elementor-widget-container\">\n\t\t\t\t\t\t\t<div class=\"elementor-wrapper elementor-open-inline\">\n\t\t\t<div class=\"elementor-video\"><\/div>\t\t<\/div>\n\t\t\t\t\t\t<\/div>\n\t\t\t\t<\/div>\n\t\t\t\t\t<\/div>\n\t\t\t\t<\/div>\n\t\t<div class=\"elementor-element elementor-element-02898a5 e-flex e-con-boxed e-con e-parent\" data-id=\"02898a5\" data-element_type=\"container\" data-e-type=\"container\">\n\t\t\t\t\t<div class=\"e-con-inner\">\n\t\t\t\t<div data-ep-wrapper-link=\"{&quot;url&quot;:&quot;https:\\\/\\\/betaalverzoek.rabobank.nl\\\/betaalverzoek\\\/?id=XsfVQh7OSdimvC_oNiFUnA&quot;,&quot;is_external&quot;:&quot;&quot;,&quot;nofollow&quot;:&quot;&quot;,&quot;custom_attributes&quot;:&quot;&quot;}\" style=\"cursor: pointer\" class=\"bdt-element-link elementor-element elementor-element-33d4fb7 elementor-align-center elementor-widget elementor-widget-button\" data-id=\"33d4fb7\" data-element_type=\"widget\" data-e-type=\"widget\" data-widget_type=\"button.default\">\n\t\t\t\t<div class=\"elementor-widget-container\">\n\t\t\t\t\t\t\t\t\t<div class=\"elementor-button-wrapper\">\n\t\t\t\t\t<a href=\"#elementor-action%3Aaction%3Dlightbox%26settings%3DeyJ0eXBlIjoidmlkZW8iLCJ2aWRlb1R5cGUiOiJ5b3V0dWJlIiwidXJsIjoiaHR0cHM6XC9cL3d3dy55b3V0dWJlLmNvbVwvZW1iZWRcLzNZMlhaYk9ocmdvP2ZlYXR1cmU9b2VtYmVkIn0%3D\" class=\"elementor-button elementor-size-sm\" role=\"button\">\n\t\t\t\t\t\t<span class=\"elementor-button-content-wrapper\">\n\t\t\t\t\t\t\t\t\t<span class=\"elementor-button-text\">geben<\/span>\n\t\t\t\t\t<\/span>\n\t\t\t\t\t<\/a>\n\t\t\t\t<\/div>\n\t\t\t\t\t\t\t\t<\/div>\n\t\t\t\t<\/div>\n\t\t\t\t\t<\/div>\n\t\t\t\t<\/div>\n\t\t\t\t<\/div>\n\t\t","protected":false},"excerpt":{"rendered":"excerpt","protected":false},"author":2,"featured_media":0,"parent":0,"menu_order":0,"comment_status":"closed","ping_status":"closed","template":"","meta":{"episode_type":"","audio_file":"","podmotor_file_id":"","podmotor_episode_id":"","cover_image":"","cover_image_id":"","duration":"","filesize":"","filesize_raw":"","date_recorded":"","explicit":"","block":"","footnotes":""},"class_list":["post-4538","page","type-page","status-publish","hentry"],"aioseo_notices":[],"_links":{"self":[{"href":"https:\/\/kingdommilitaryacademy.com\/de\/wp-json\/wp\/v2\/pages\/4538","targetHints":{"allow":["GET"]}}],"collection":[{"href":"https:\/\/kingdommilitaryacademy.com\/de\/wp-json\/wp\/v2\/pages"}],"about":[{"href":"https:\/\/kingdommilitaryacademy.com\/de\/wp-json\/wp\/v2\/types\/page"}],"author":[{"embeddable":true,"href":"https:\/\/kingdommilitaryacademy.com\/de\/wp-json\/wp\/v2\/users\/2"}],"replies":[{"embeddable":true,"href":"https:\/\/kingdommilitaryacademy.com\/de\/wp-json\/wp\/v2\/comments?post=4538"}],"version-history":[{"count":41,"href":"https:\/\/kingdommilitaryacademy.com\/de\/wp-json\/wp\/v2\/pages\/4538\/revisions"}],"predecessor-version":[{"id":6069,"href":"https:\/\/kingdommilitaryacademy.com\/de\/wp-json\/wp\/v2\/pages\/4538\/revisions\/6069"}],"wp:attachment":[{"href":"https:\/\/kingdommilitaryacademy.com\/de\/wp-json\/wp\/v2\/media?parent=4538"}],"curies":[{"name":"wp","href":"https:\/\/api.w.org\/{rel}","templated":true}]}}