{"id":4615,"date":"2019-07-12T11:45:35","date_gmt":"2019-07-12T09:45:35","guid":{"rendered":"https:\/\/kingdommilitaryacademy.com\/ueber\/"},"modified":"2025-07-11T14:21:42","modified_gmt":"2025-07-11T12:21:42","slug":"ueber-uns","status":"publish","type":"page","link":"https:\/\/kingdommilitaryacademy.com\/de\/ueber-uns\/","title":{"rendered":"\u00dcber uns"},"content":{"rendered":"\t\t<div data-elementor-type=\"wp-page\" data-elementor-id=\"4615\" class=\"elementor elementor-4615 elementor-36\" data-elementor-settings=\"{&quot;element_pack_global_tooltip_width&quot;:{&quot;unit&quot;:&quot;px&quot;,&quot;size&quot;:&quot;&quot;,&quot;sizes&quot;:[]},&quot;element_pack_global_tooltip_width_tablet&quot;:{&quot;unit&quot;:&quot;px&quot;,&quot;size&quot;:&quot;&quot;,&quot;sizes&quot;:[]},&quot;element_pack_global_tooltip_width_mobile&quot;:{&quot;unit&quot;:&quot;px&quot;,&quot;size&quot;:&quot;&quot;,&quot;sizes&quot;:[]},&quot;element_pack_global_tooltip_padding&quot;:{&quot;unit&quot;:&quot;px&quot;,&quot;top&quot;:&quot;&quot;,&quot;right&quot;:&quot;&quot;,&quot;bottom&quot;:&quot;&quot;,&quot;left&quot;:&quot;&quot;,&quot;isLinked&quot;:true},&quot;element_pack_global_tooltip_padding_tablet&quot;:{&quot;unit&quot;:&quot;px&quot;,&quot;top&quot;:&quot;&quot;,&quot;right&quot;:&quot;&quot;,&quot;bottom&quot;:&quot;&quot;,&quot;left&quot;:&quot;&quot;,&quot;isLinked&quot;:true},&quot;element_pack_global_tooltip_padding_mobile&quot;:{&quot;unit&quot;:&quot;px&quot;,&quot;top&quot;:&quot;&quot;,&quot;right&quot;:&quot;&quot;,&quot;bottom&quot;:&quot;&quot;,&quot;left&quot;:&quot;&quot;,&quot;isLinked&quot;:true},&quot;element_pack_global_tooltip_border_radius&quot;:{&quot;unit&quot;:&quot;px&quot;,&quot;top&quot;:&quot;&quot;,&quot;right&quot;:&quot;&quot;,&quot;bottom&quot;:&quot;&quot;,&quot;left&quot;:&quot;&quot;,&quot;isLinked&quot;:true},&quot;element_pack_global_tooltip_border_radius_tablet&quot;:{&quot;unit&quot;:&quot;px&quot;,&quot;top&quot;:&quot;&quot;,&quot;right&quot;:&quot;&quot;,&quot;bottom&quot;:&quot;&quot;,&quot;left&quot;:&quot;&quot;,&quot;isLinked&quot;:true},&quot;element_pack_global_tooltip_border_radius_mobile&quot;:{&quot;unit&quot;:&quot;px&quot;,&quot;top&quot;:&quot;&quot;,&quot;right&quot;:&quot;&quot;,&quot;bottom&quot;:&quot;&quot;,&quot;left&quot;:&quot;&quot;,&quot;isLinked&quot;:true}}\" data-elementor-post-type=\"page\">\n\t\t\t\t<div class=\"elementor-element elementor-element-8c4e2d8 e-flex e-con-boxed e-con e-parent\" data-id=\"8c4e2d8\" data-element_type=\"container\" data-e-type=\"container\" data-settings=\"{&quot;background_background&quot;:&quot;classic&quot;}\">\n\t\t\t\t\t<div class=\"e-con-inner\">\n\t\t\t\t<div class=\"elementor-element elementor-element-179c36a  ui-split-animate ui-splitby-chars elementor-widget elementor-widget-heading\" data-id=\"179c36a\" data-element_type=\"widget\" data-e-type=\"widget\" data-settings=\"{&quot;ui_animate_split&quot;:&quot;ui-split-animate&quot;,&quot;ui_animate_split_style&quot;:&quot;fadeInUp blur&quot;,&quot;ui_animate_split_by&quot;:&quot;chars&quot;}\" data-widget_type=\"heading.default\">\n\t\t\t\t<div class=\"elementor-widget-container\">\n\t\t\t\t\t<h2 class=\"elementor-heading-title elementor-size-default\">\u00dcber uns<\/h2>\t\t\t\t<\/div>\n\t\t\t\t<\/div>\n\t\t\t\t\t<\/div>\n\t\t\t\t<\/div>\n\t\t<div class=\"elementor-element elementor-element-6a9ed90d e-flex e-con-boxed e-con e-parent\" data-id=\"6a9ed90d\" data-element_type=\"container\" data-e-type=\"container\" data-settings=\"{&quot;background_background&quot;:&quot;classic&quot;}\">\n\t\t\t\t\t<div class=\"e-con-inner\">\n\t\t<div class=\"elementor-element elementor-element-21346ee6 e-con-full e-flex e-con e-child\" data-id=\"21346ee6\" data-element_type=\"container\" data-e-type=\"container\" data-settings=\"{&quot;background_background&quot;:&quot;classic&quot;}\">\n\t\t\t\t<div class=\"elementor-element elementor-element-3d43312d elementor-position-right elementor-vertical-align-middle elementor-widget elementor-widget-image-box\" data-id=\"3d43312d\" data-element_type=\"widget\" data-e-type=\"widget\" id=\"bron-image-box\" data-settings=\"{&quot;_animation&quot;:&quot;none&quot;}\" data-widget_type=\"image-box.default\">\n\t\t\t\t<div class=\"elementor-widget-container\">\n\t\t\t\t\t<div class=\"elementor-image-box-wrapper\"><figure class=\"elementor-image-box-img\"><img fetchpriority=\"high\" decoding=\"async\" width=\"954\" height=\"1237\" src=\"https:\/\/kingdommilitaryacademy.com\/wp-content\/uploads\/2025\/02\/c5318d03-38d8-4559-bde6-43d1590e4120-1.jpeg\" class=\"attachment-full size-full wp-image-4502\" alt=\"\" srcset=\"https:\/\/kingdommilitaryacademy.com\/wp-content\/uploads\/2025\/02\/c5318d03-38d8-4559-bde6-43d1590e4120-1.jpeg 954w, https:\/\/kingdommilitaryacademy.com\/wp-content\/uploads\/2025\/02\/c5318d03-38d8-4559-bde6-43d1590e4120-1-231x300.jpeg 231w, https:\/\/kingdommilitaryacademy.com\/wp-content\/uploads\/2025\/02\/c5318d03-38d8-4559-bde6-43d1590e4120-1-790x1024.jpeg 790w, https:\/\/kingdommilitaryacademy.com\/wp-content\/uploads\/2025\/02\/c5318d03-38d8-4559-bde6-43d1590e4120-1-768x996.jpeg 768w, https:\/\/kingdommilitaryacademy.com\/wp-content\/uploads\/2025\/02\/c5318d03-38d8-4559-bde6-43d1590e4120-1-501x650.jpeg 501w, https:\/\/kingdommilitaryacademy.com\/wp-content\/uploads\/2025\/02\/c5318d03-38d8-4559-bde6-43d1590e4120-1-300x389.jpeg 300w, https:\/\/kingdommilitaryacademy.com\/wp-content\/uploads\/2025\/02\/c5318d03-38d8-4559-bde6-43d1590e4120-1-600x778.jpeg 600w\" sizes=\"(max-width: 954px) 100vw, 954px\" \/><\/figure><div class=\"elementor-image-box-content\"><h4 class=\"elementor-image-box-title\">Die treibende Kraft hinter der Kingdom Military Academy ist Robert Bron. Er ist seit 14 Jahren gl\u00fccklich mit Isabelle verheiratet und stolzer Vater von f\u00fcnf Kindern. Er ist Autor zweier B\u00fccher und findet gro\u00dfe Befriedigung darin, sich selbst und andere k\u00f6rperlich, mental und geistlich herauszufordern, um weiter zu wachsen.   <\/h4><p class=\"elementor-image-box-description\">Mit seiner milit\u00e4rischen Erfahrung, seiner aktuellen Position als Soldat beim Infanteriebataillon BB KNR 11 Air Mobile Brigade in Schaarsbergen, Niederlande und seiner Arbeit als (Interims-)Pastor wei\u00df Robert, wie er seine Lebenserfahrung effektiv nutzen kann, um andere zu inspirieren und zu leiten. Im Laufe der Jahre hat er in verschiedenen (milit\u00e4rischen) Ausbildungskursen, (Ausbildungs-)Schulen, christlichen Organisationen und Kirchen wertvolle F\u00fchrungserfahrungen gesammelt. Neben seinem Theologiestudium verf\u00fcgt er \u00fcber umfangreiche Erfahrungen in der Missionsarbeit mit Dutzenden von Eins\u00e4tzen in mehr als 20 L\u00e4ndern und auf mehreren Kontinenten. Au\u00dferdem hat er beeindruckende k\u00f6rperliche Leistungen vollbracht, wie z.B. den 100 km, 80 km Kennedy-Marsch, einen 62 km Ultralauf und mehrere Marathons.   \n\nSeine Leidenschaft ist es, die n\u00e4chste Generation von Leitern zu aktivieren und zu ermutigen, in ihrem Charakter, ihrem Glauben und ihrer Ausdauer zu wachsen. Die Worte anderer beschreiben ihn treffend: \"Mit Robert kommst du weiter und l\u00e4ufst schneller.\" <\/p><\/div><\/div>\t\t\t\t<\/div>\n\t\t\t\t<\/div>\n\t\t\t\t<\/div>\n\t\t\t\t\t<\/div>\n\t\t\t\t<\/div>\n\t\t<div class=\"elementor-element elementor-element-02fafba e-flex e-con-boxed e-con e-parent\" data-id=\"02fafba\" data-element_type=\"container\" data-e-type=\"container\" id=\"bron-values\" data-settings=\"{&quot;background_background&quot;:&quot;classic&quot;,&quot;shape_divider_top&quot;:&quot;arrow&quot;}\">\n\t\t\t\t\t<div class=\"e-con-inner\">\n\t\t\t\t<div class=\"elementor-shape elementor-shape-top\" aria-hidden=\"true\" data-negative=\"false\">\n\t\t\t<svg xmlns=\"http:\/\/www.w3.org\/2000\/svg\" viewBox=\"0 0 700 10\" preserveAspectRatio=\"none\">\n\t<path class=\"elementor-shape-fill\" d=\"M350,10L340,0h20L350,10z\"\/>\n<\/svg>\t\t<\/div>\n\t\t\t\t<div class=\"elementor-element elementor-element-d60bb68 elementor-widget elementor-widget-heading\" data-id=\"d60bb68\" data-element_type=\"widget\" data-e-type=\"widget\" data-widget_type=\"heading.default\">\n\t\t\t\t<div class=\"elementor-widget-container\">\n\t\t\t\t\t<h1 class=\"elementor-heading-title elementor-size-default\">Werten der Kingdom Military Academy<\/h1>\t\t\t\t<\/div>\n\t\t\t\t<\/div>\n\t\t\t\t\t<\/div>\n\t\t\t\t<\/div>\n\t\t<div class=\"elementor-element elementor-element-5f38220 e-flex e-con-boxed e-con e-parent\" data-id=\"5f38220\" data-element_type=\"container\" data-e-type=\"container\" data-settings=\"{&quot;background_background&quot;:&quot;classic&quot;,&quot;shape_divider_top&quot;:&quot;arrow&quot;}\">\n\t\t\t\t\t<div class=\"e-con-inner\">\n\t\t\t\t<div class=\"elementor-shape elementor-shape-top\" aria-hidden=\"true\" data-negative=\"false\">\n\t\t\t<svg xmlns=\"http:\/\/www.w3.org\/2000\/svg\" viewBox=\"0 0 700 10\" preserveAspectRatio=\"none\">\n\t<path class=\"elementor-shape-fill\" d=\"M350,10L340,0h20L350,10z\"\/>\n<\/svg>\t\t<\/div>\n\t\t\t\t<div class=\"elementor-element elementor-element-b6ba68b elementor-icon-list--layout-traditional elementor-list-item-link-full_width elementor-widget elementor-widget-icon-list\" data-id=\"b6ba68b\" data-element_type=\"widget\" data-e-type=\"widget\" id=\"bron-values\" data-widget_type=\"icon-list.default\">\n\t\t\t\t<div class=\"elementor-widget-container\">\n\t\t\t\t\t\t\t<ul class=\"elementor-icon-list-items\">\n\t\t\t\t\t\t\t<li class=\"elementor-icon-list-item\">\n\t\t\t\t\t\t\t\t\t\t<span class=\"elementor-icon-list-text\">Starken Charakter aufbauen  <\/span>\n\t\t\t\t\t\t\t\t\t<\/li>\n\t\t\t\t\t\t\t\t<li class=\"elementor-icon-list-item\">\n\t\t\t\t\t\t\t\t\t\t<span class=\"elementor-icon-list-text\">Grenzen erweitern <\/span>\n\t\t\t\t\t\t\t\t\t<\/li>\n\t\t\t\t\t\t\t\t<li class=\"elementor-icon-list-item\">\n\t\t\t\t\t\t\t\t\t\t<span class=\"elementor-icon-list-text\">\u00c4ngste \u00fcberwinden  <\/span>\n\t\t\t\t\t\t\t\t\t<\/li>\n\t\t\t\t\t\t\t\t<li class=\"elementor-icon-list-item\">\n\t\t\t\t\t\t\t\t\t\t<span class=\"elementor-icon-list-text\">Niemals aufgeben  <\/span>\n\t\t\t\t\t\t\t\t\t<\/li>\n\t\t\t\t\t\t<\/ul>\n\t\t\t\t\t\t<\/div>\n\t\t\t\t<\/div>\n\t\t\t\t\t<\/div>\n\t\t\t\t<\/div>\n\t\t\t\t<section class=\"elementor-section elementor-top-section elementor-element elementor-element-610e3820 elementor-section-boxed elementor-section-height-default elementor-section-height-default\" data-id=\"610e3820\" data-element_type=\"section\" data-e-type=\"section\" data-settings=\"{&quot;background_background&quot;:&quot;classic&quot;}\">\n\t\t\t\t\t\t<div class=\"elementor-container elementor-column-gap-default\">\n\t\t\t\t\t<div class=\"elementor-column elementor-col-100 elementor-top-column elementor-element elementor-element-e531ed3\" data-id=\"e531ed3\" data-element_type=\"column\" data-e-type=\"column\">\n\t\t\t<div class=\"elementor-widget-wrap elementor-element-populated\">\n\t\t\t\t\t\t<div class=\"elementor-element elementor-element-46f92753 ui-e-animation-acc-slow ui-e-animation-ico-spin elementor-invisible elementor-widget elementor-widget-uicore-accordion\" data-id=\"46f92753\" data-element_type=\"widget\" data-e-type=\"widget\" data-settings=\"{&quot;accordion_animation&quot;:&quot;ui-e-animation-acc-slow&quot;,&quot;_animation&quot;:&quot;fadeInUp&quot;,&quot;_animation_delay&quot;:&quot;280&quot;,&quot;collapsible&quot;:&quot;true&quot;,&quot;active_hash&quot;:&quot;no&quot;}\" data-widget_type=\"uicore-accordion.default\">\n\t\t\t\t<div class=\"elementor-widget-container\">\n\t\t\t\t\t        <div class=\"ui-e-accordion\" >\n\n                            <div class=\"ui-e-accordion-item ui-e-item ui-open\" role=\"button\" tabindex=\"0\" aria-expanded=\"true\" aria-controls=\"ui-e-acc-1\" id=\"ui-e-geschichte\">\n\n                    <h5 class=\"ui-e-accordion-title ui-e-title ui-right\">\n\n                                                    <span class=\"ui-e-accordion-icon ui-e-icon ui-e-right\" aria-hidden=\"true\">\n\n                                <span class=\"ui-e-accordion-icon-closed\">\n                                    <svg aria-hidden=\"true\" class=\"e-font-icon-svg e-fas-chevron-down\" viewBox=\"0 0 448 512\" xmlns=\"http:\/\/www.w3.org\/2000\/svg\"><path d=\"M207.029 381.476L12.686 187.132c-9.373-9.373-9.373-24.569 0-33.941l22.667-22.667c9.357-9.357 24.522-9.375 33.901-.04L224 284.505l154.745-154.021c9.379-9.335 24.544-9.317 33.901.04l22.667 22.667c9.373 9.373 9.373 24.569 0 33.941L240.971 381.476c-9.373 9.372-24.569 9.372-33.942 0z\"><\/path><\/svg>                                <\/span>\n\n                                \n                            <\/span>\n                        \n                                                <span class=\"ui-e-accordion-title-text ui-e-title-text\" >\n                                                        Geschichte                        <\/span>\n\n                    <\/h5>\n\n                    <div class=\"ui-e-accordion-content ui-e-content\" style=\"\" aria-labelledby=\"ui-e-geschichte\" id=\"ui-e-acc-1\">\n                        <p>Nach einer milit\u00e4rischen Ausbildung im Verteidigungsministerium begann Robert 2008 eine Vollzeit-Bibelschule in den Niederlanden, gefolgt von einer dreimonatigen Missionsreise nach Indonesien. Er setzte seine Ausbildung mit einer neunmonatigen Evangelisationsschule in Norwegen fort, wo er mehrere Jahre lang lebte und eine Evangelisationsschule leitete. Sp\u00e4ter zog er nach Deutschland, wo er eine Ortsgemeinde mit-leitete, missionarische Veranstaltungen organisierte und bein Weiteraufbau des Gemeindezentrum half. Hier machte er auch seinen Bachelor of Arts in Bibel und Theologie.<\/p><p>Mit seiner Organisation &#8222;Hope to Europe&#8220; organisierte er Evangelisationsveranstaltungen und Missionsreisen f\u00fcr junge Menschen, mit Eins\u00e4tzen in ganz Europa, darunter Skandinavien, Spanien, England und Lettland. Seine Arbeit erstreckte sich auch auf Osteuropa, wie Albanien und Rum\u00e4nien. Sp\u00e4ter sammelte er sogar Erfahrungen mit gro\u00df angelegten Kampagnen in Liberia, Burkina Faso und Pakistan. Nach seinem Bachelor of Theology war er als Pastor in einer BFP gemeinde in Ede, Niederlande t\u00e4tig und unterst\u00fctzte eine Gemeinde in Den Haag als Interimspastor. Um seine F\u00fchrungsqualit\u00e4ten weiter zu st\u00e4rken, besuchte er ein zweij\u00e4hriges School for Leaders-Programm und nahm an verschiedenen F\u00fchrungstrainings und Netzwerken teil.<\/p>                    <\/div>\n\n                <\/div>\n                            <div class=\"ui-e-accordion-item ui-e-item\" role=\"button\" tabindex=\"0\" aria-expanded=\"false\" aria-controls=\"ui-e-acc-2\" id=\"ui-e-vision\">\n\n                    <h5 class=\"ui-e-accordion-title ui-e-title ui-right\">\n\n                                                    <span class=\"ui-e-accordion-icon ui-e-icon ui-e-right\" aria-hidden=\"true\">\n\n                                <span class=\"ui-e-accordion-icon-closed\">\n                                    <svg aria-hidden=\"true\" class=\"e-font-icon-svg e-fas-chevron-down\" viewBox=\"0 0 448 512\" xmlns=\"http:\/\/www.w3.org\/2000\/svg\"><path d=\"M207.029 381.476L12.686 187.132c-9.373-9.373-9.373-24.569 0-33.941l22.667-22.667c9.357-9.357 24.522-9.375 33.901-.04L224 284.505l154.745-154.021c9.379-9.335 24.544-9.317 33.901.04l22.667 22.667c9.373 9.373 9.373 24.569 0 33.941L240.971 381.476c-9.373 9.372-24.569 9.372-33.942 0z\"><\/path><\/svg>                                <\/span>\n\n                                \n                            <\/span>\n                        \n                                                <span class=\"ui-e-accordion-title-text ui-e-title-text\" >\n                                                        Vision                        <\/span>\n\n                    <\/h5>\n\n                    <div class=\"ui-e-accordion-content ui-e-content\" style=\"display:none;\" aria-labelledby=\"ui-e-vision\" id=\"ui-e-acc-2\">\n                        <p>Kingdom Military Academy konzentriert sich auf die Unterst\u00fctzung von Leitern, Kirchen, Organisationen und Ausbildungsst\u00e4tten, indem wir neue F\u00fchrungskr\u00e4fte ausbilden und denjenigen, die bereits in F\u00fchrungspositionen sind, helfen, in ihrem Charakter und Glauben zu wachsen. Unsere Trainings mit milit\u00e4rischer Disziplin konzentrieren sich auf die Entwicklung des Charakters, die St\u00e4rkung der psychischen Widerstandsf\u00e4higkeit und die F\u00f6rderung des Glaubenswachstums.<\/p>                    <\/div>\n\n                <\/div>\n                            <div class=\"ui-e-accordion-item ui-e-item\" role=\"button\" tabindex=\"0\" aria-expanded=\"false\" aria-controls=\"ui-e-acc-3\" id=\"ui-e-werte\">\n\n                    <h5 class=\"ui-e-accordion-title ui-e-title ui-right\">\n\n                                                    <span class=\"ui-e-accordion-icon ui-e-icon ui-e-right\" aria-hidden=\"true\">\n\n                                <span class=\"ui-e-accordion-icon-closed\">\n                                    <svg aria-hidden=\"true\" class=\"e-font-icon-svg e-fas-chevron-down\" viewBox=\"0 0 448 512\" xmlns=\"http:\/\/www.w3.org\/2000\/svg\"><path d=\"M207.029 381.476L12.686 187.132c-9.373-9.373-9.373-24.569 0-33.941l22.667-22.667c9.357-9.357 24.522-9.375 33.901-.04L224 284.505l154.745-154.021c9.379-9.335 24.544-9.317 33.901.04l22.667 22.667c9.373 9.373 9.373 24.569 0 33.941L240.971 381.476c-9.373 9.372-24.569 9.372-33.942 0z\"><\/path><\/svg>                                <\/span>\n\n                                \n                            <\/span>\n                        \n                                                <span class=\"ui-e-accordion-title-text ui-e-title-text\" >\n                                                        Werte                        <\/span>\n\n                    <\/h5>\n\n                    <div class=\"ui-e-accordion-content ui-e-content\" style=\"display:none;\" aria-labelledby=\"ui-e-werte\" id=\"ui-e-acc-3\">\n                        <p>&#8211; Baue einen starken Charakter auf &#8211; Baue einen starken Charakter auf, der dich widerstandsf\u00e4hig macht und dir Kraft gibt, fest in deinen Schuhen zu stehen.<\/p><p>&#8211; Erweitere deine Grenzen &#8211; Gehe an deine k\u00f6rperlichen und mentalen Grenzen, entwickle deine Widerstandsf\u00e4higkeit und mache Schritte zur pers\u00f6nlichen Weiterentwicklung.<\/p><p>&#8211; \u00c4ngste \u00fcberwinden &#8211; \u00c4ngste zu \u00fcberwinden gibt dir Freiheit und Selbstvertrauen, auch in einer sich ver\u00e4ndernden Welt voller Herausforderungen.<\/p><p>&#8211; Niemals aufgeben &#8211; Lerne durchzuhalten, auch wenn es schwierig wird, und Ziele zu erreichen, die du nie erwartet hast.<\/p>                    <\/div>\n\n                <\/div>\n                    <\/div>\n\t\t\t\t<\/div>\n\t\t\t\t<\/div>\n\t\t\t\t\t<\/div>\n\t\t<\/div>\n\t\t\t\t\t<\/div>\n\t\t<\/section>\n\t\t<div class=\"elementor-element elementor-element-bc3ec1d e-flex e-con-boxed e-con e-parent\" data-id=\"bc3ec1d\" data-element_type=\"container\" data-e-type=\"container\">\n\t\t\t\t\t<div class=\"e-con-inner\">\n\t\t\t\t\t<\/div>\n\t\t\t\t<\/div>\n\t\t\t\t<\/div>\n\t\t","protected":false},"excerpt":{"rendered":"excerpt","protected":false},"author":2,"featured_media":4364,"parent":0,"menu_order":0,"comment_status":"closed","ping_status":"closed","template":"","meta":{"episode_type":"","audio_file":"","podmotor_file_id":"","podmotor_episode_id":"","cover_image":"","cover_image_id":"","duration":"","filesize":"","filesize_raw":"","date_recorded":"","explicit":"","block":"","footnotes":""},"class_list":["post-4615","page","type-page","status-publish","has-post-thumbnail","hentry"],"aioseo_notices":[],"_links":{"self":[{"href":"https:\/\/kingdommilitaryacademy.com\/de\/wp-json\/wp\/v2\/pages\/4615","targetHints":{"allow":["GET"]}}],"collection":[{"href":"https:\/\/kingdommilitaryacademy.com\/de\/wp-json\/wp\/v2\/pages"}],"about":[{"href":"https:\/\/kingdommilitaryacademy.com\/de\/wp-json\/wp\/v2\/types\/page"}],"author":[{"embeddable":true,"href":"https:\/\/kingdommilitaryacademy.com\/de\/wp-json\/wp\/v2\/users\/2"}],"replies":[{"embeddable":true,"href":"https:\/\/kingdommilitaryacademy.com\/de\/wp-json\/wp\/v2\/comments?post=4615"}],"version-history":[{"count":14,"href":"https:\/\/kingdommilitaryacademy.com\/de\/wp-json\/wp\/v2\/pages\/4615\/revisions"}],"predecessor-version":[{"id":5888,"href":"https:\/\/kingdommilitaryacademy.com\/de\/wp-json\/wp\/v2\/pages\/4615\/revisions\/5888"}],"wp:featuredmedia":[{"embeddable":true,"href":"https:\/\/kingdommilitaryacademy.com\/de\/wp-json\/wp\/v2\/media\/4364"}],"wp:attachment":[{"href":"https:\/\/kingdommilitaryacademy.com\/de\/wp-json\/wp\/v2\/media?parent=4615"}],"curies":[{"name":"wp","href":"https:\/\/api.w.org\/{rel}","templated":true}]}}